{"id":46,"date":"2020-04-11T18:47:26","date_gmt":"2020-04-11T18:47:26","guid":{"rendered":"https:\/\/electromecanica.com.ar\/tdg\/?page_id=46"},"modified":"2020-05-03T12:10:30","modified_gmt":"2020-05-03T15:10:30","slug":"politica-de-privacidad","status":"publish","type":"page","link":"https:\/\/electromecanica.com.ar\/tdg\/politica-de-privacidad\/","title":{"rendered":"Pol\u00edtica de privacidad"},"content":{"rendered":"\n<h2 class=\"wp-block-heading\">Qui\u00e9nes somos<\/h2>\n\n\n\n<p>La direcci\u00f3n de nuestra web es: https:\/\/electromecanica.com.ar\/tdg. <\/p>\n\n\n\n<p>Es el sitio para el soporte online del dictado de las materias Organizaci\u00f3n y Legislaci\u00f3n Industrial, de cuarto a\u00f1o de la carrera de ingener\u00eda electromec\u00e1nica y T\u00e9cnicas de Gesti\u00f3n de cuarto a\u00f1o de la carrera ingener\u00eda mec\u00e1nica. Ambas carreras se dictan en la Facultad de Ingenier\u00eda de la Universidad Nacional de San Juan, Argentina.<\/p>\n\n\n\n<p>La Facultad de Ingenier\u00eda tiene domicilio en Av. Libertador Oeste 750, CP 5400, San Juan, Argentina.<\/p>\n\n\n\n<p>Puedes establecer contacto con nosotros mediante nuestra p\u00e1gina de Contacto en este mismo sitio web.<\/p>\n\n\n\n<h2 class=\"wp-block-heading\">Qu\u00e9 datos personales recogemos y por qu\u00e9 los recogemos<\/h2>\n\n\n\n<h3 class=\"wp-block-heading\">Comentarios<\/h3>\n\n\n\n<p>Cuando los visitantes dejan comentarios en la web, recopilamos los datos que se muestran en el formulario de comentarios, as\u00ed como la direcci\u00f3n IP del visitante y la cadena de agentes de usuario del navegador para ayudar a la detecci\u00f3n de spam.<\/p>\n\n\n\n<p>Una cadena an\u00f3nima creada a partir de tu direcci\u00f3n de correo electr\u00f3nico (tambi\u00e9n llamada hash) puede ser proporcionada al servicio de Gravatar para ver si la est\u00e1s usando. La pol\u00edtica de privacidad del servicio Gravatar est\u00e1 disponible aqu\u00ed: https:\/\/automattic.com\/privacy\/. Despu\u00e9s de la aprobaci\u00f3n de tu comentario, la imagen de tu perfil de Gravatar es visible para el p\u00fablico en el contexto de tu comentario.<\/p>\n\n\n\n<h3 class=\"wp-block-heading\">Medios<\/h3>\n\n\n\n<p>Si subes im\u00e1genes a la web, es recomendable que evites subir im\u00e1genes con datos de ubicaci\u00f3n (GPS EXIF) incluidos. Los visitantes de la web pueden descargar y extraer cualquier dato de ubicaci\u00f3n de las im\u00e1genes de la web.<\/p>\n\n\n\n<h3 class=\"wp-block-heading\">Formularios de contacto<\/h3>\n\n\n\n<h3 class=\"wp-block-heading\">Cookies<\/h3>\n\n\n\n<p>Si dejas un comentario en nuestro sitio puedes elegir guardar tu nombre, direcci\u00f3n de correo electr\u00f3nico y web en cookies. Esto es para tu comodidad, para que no tengas que volver a rellenar tus datos cuando dejes otro comentario. Estas cookies tendr\u00e1n una duraci\u00f3n de un a\u00f1o.<\/p>\n\n\n\n<p>Si tienes una cuenta y te conectas a este sitio, instalaremos una cookie temporal para determinar si tu navegador acepta cookies. Esta cookie no contiene datos personales y se elimina al cerrar el navegador.<\/p>\n\n\n\n<p>Cuando accedas, tambi\u00e9n instalaremos varias cookies para guardar tu informaci\u00f3n de acceso y tus opciones de visualizaci\u00f3n de pantalla. Las cookies de acceso duran dos d\u00edas, y las cookies de opciones de pantalla duran un a\u00f1o. Si seleccionas \u00abRecu\u00e9rdarme\u00bb, tu acceso perdurar\u00e1 durante dos semanas. Si sales de tu cuenta, las cookies de acceso se eliminar\u00e1n.<\/p>\n\n\n\n<p>Si editas o publicas un art\u00edculo se guardar\u00e1 una cookie adicional en tu navegador. Esta cookie no incluye datos personales y simplemente indica el ID del art\u00edculo que acabas de editar. Caduca despu\u00e9s de 1 d\u00eda.<\/p>\n\n\n\n<h3 class=\"wp-block-heading\">Contenido incrustado de otros sitios web<\/h3>\n\n\n\n<p>Los art\u00edculos de este sitio pueden incluir contenido incrustado (por ejemplo, v\u00eddeos, im\u00e1genes, art\u00edculos, etc.). El contenido incrustado de otras webs se comporta exactamente de la misma manera que si el visitante hubiera visitado la otra web.<\/p>\n\n\n\n<p>Estas web pueden recopilar datos sobre ti, utilizar cookies, incrustar un seguimiento adicional de terceros, y supervisar tu interacci\u00f3n con ese contenido incrustado, incluido el seguimiento de tu interacci\u00f3n con el contenido incrustado si tienes una cuenta y est\u00e1s conectado a esa web.<\/p>\n\n\n\n<p>Esto pasa, por ejemplo, con el contenido incrustado de YouTube, Vimeo y otros servicios de video incrustado.<\/p>\n\n\n\n<hr class=\"wp-block-separator\"\/>\n\n\n\n<h2 class=\"wp-block-heading\">Anal\u00edtica<\/h2>\n\n\n\n<h3 class=\"wp-block-heading\">Con qui\u00e9n compartimos tus datos<\/h3>\n\n\n\n<p>Con nadie.<\/p>\n\n\n\n<p>Excepto un detalle que consideramos bastante seguro: Utilizamos un servicio antispam de <a href=\"https:\/\/en.wikipedia.org\/wiki\/Akismet\">Askimet<\/a> (de Automattic), uno de los servicios m\u00e1s renombrados y confiables para la administraci\u00f3n de SPAM). No deber\u00eda ser un problema, ya que la <a href=\"https:\/\/automattic.com\/privacy\/\">administraci\u00f3n de datos de Askimet es clar\u00edsima<\/a>.<\/p>\n\n\n\n<h3 class=\"wp-block-heading\">Cu\u00e1nto tiempo conservamos tus datos<\/h3>\n\n\n\n<p>Si dejas un comentario, el comentario y sus metadatos se conservan indefinidamente. Esto es para que podamos reconocer y aprobar comentarios sucesivos autom\u00e1ticamente, en lugar de mantenerlos en una cola de moderaci\u00f3n.<\/p>\n\n\n\n<p>De los usuarios que se registran en nuestra web, tambi\u00e9n almacenamos la informaci\u00f3n personal que proporcionan en su perfil de usuario. Todos los usuarios pueden ver, editar o eliminar su informaci\u00f3n personal en cualquier momento (excepto que no pueden cambiar su nombre de usuario). Los administradores de la web tambi\u00e9n pueden ver y editar esa informaci\u00f3n.<\/p>\n\n\n\n<h3 class=\"wp-block-heading\">Qu\u00e9 derechos tienes sobre tus datos<\/h3>\n\n\n\n<p>Si tienes una cuenta o has dejado comentarios en esta web, puedes solicitar recibir un archivo de exportaci\u00f3n de los datos personales que tenemos sobre ti, incluyendo cualquier dato que nos hayas proporcionado. Tambi\u00e9n puedes solicitar que eliminemos cualquier dato personal que tengamos sobre ti. Esto no incluye ning\u00fan dato que estemos obligados a conservar con fines administrativos, legales o de seguridad.<\/p>\n\n\n\n<h2 class=\"wp-block-heading\">Dudas que puedan quedarte<\/h2>\n\n\n\n<p>En caso de tener dudas respecto de esta pol\u00edtica de privacidad, deber\u00e1s ponerte en contacto con nosotros mediante nuestra <a href=\"https:\/\/electromecanica.com.ar\/tdg\/contacto\/\">p\u00e1gina de contacto<\/a>.<\/p>\n","protected":false},"excerpt":{"rendered":"<p>Qui\u00e9nes somos La direcci\u00f3n de nuestra web es: https:\/\/electromecanica.com.ar\/tdg. Es el sitio para el soporte online del dictado de las materias Organizaci\u00f3n y Legislaci\u00f3n Industrial, de cuarto a\u00f1o de la carrera de ingener\u00eda electromec\u00e1nica y T\u00e9cnicas de Gesti\u00f3n de cuarto a\u00f1o de la carrera ingener\u00eda mec\u00e1nica. Ambas carreras se dictan en la Facultad de Ingenier\u00eda &hellip; <a href=\"https:\/\/electromecanica.com.ar\/tdg\/politica-de-privacidad\/\" class=\"more-link\">Sigue leyendo <span class=\"screen-reader-text\">Pol\u00edtica de privacidad<\/span><\/a><\/p>\n","protected":false},"author":3,"featured_media":0,"parent":0,"menu_order":0,"comment_status":"closed","ping_status":"closed","template":"","meta":{"_bbp_topic_count":0,"_bbp_reply_count":0,"_bbp_total_topic_count":0,"_bbp_total_reply_count":0,"_bbp_voice_count":0,"_bbp_anonymous_reply_count":0,"_bbp_topic_count_hidden":0,"_bbp_reply_count_hidden":0,"_bbp_forum_subforum_count":0,"footnotes":""},"class_list":["post-46","page","type-page","status-publish","hentry"],"_links":{"self":[{"href":"https:\/\/electromecanica.com.ar\/tdg\/wp-json\/wp\/v2\/pages\/46","targetHints":{"allow":["GET"]}}],"collection":[{"href":"https:\/\/electromecanica.com.ar\/tdg\/wp-json\/wp\/v2\/pages"}],"about":[{"href":"https:\/\/electromecanica.com.ar\/tdg\/wp-json\/wp\/v2\/types\/page"}],"author":[{"embeddable":true,"href":"https:\/\/electromecanica.com.ar\/tdg\/wp-json\/wp\/v2\/users\/3"}],"replies":[{"embeddable":true,"href":"https:\/\/electromecanica.com.ar\/tdg\/wp-json\/wp\/v2\/comments?post=46"}],"version-history":[{"count":3,"href":"https:\/\/electromecanica.com.ar\/tdg\/wp-json\/wp\/v2\/pages\/46\/revisions"}],"predecessor-version":[{"id":319,"href":"https:\/\/electromecanica.com.ar\/tdg\/wp-json\/wp\/v2\/pages\/46\/revisions\/319"}],"wp:attachment":[{"href":"https:\/\/electromecanica.com.ar\/tdg\/wp-json\/wp\/v2\/media?parent=46"}],"curies":[{"name":"wp","href":"https:\/\/api.w.org\/{rel}","templated":true}]}}