{"id":10,"date":"2020-04-11T16:26:48","date_gmt":"2020-04-11T16:26:48","guid":{"rendered":"https:\/\/electromecanica.com.ar\/tdg\/?page_id=10"},"modified":"2024-06-23T20:09:17","modified_gmt":"2024-06-23T23:09:17","slug":"inicio","status":"publish","type":"page","link":"https:\/\/electromecanica.com.ar\/tdg\/","title":{"rendered":"Inicio"},"content":{"rendered":"\n<p>Este sitio existe para comunicaci\u00f3n con los alumnos de las materias \u00ab<strong>Organizaci\u00f3n Industrial<\/strong>\u00bb de la carrera <em>ingenier\u00eda electromec\u00e1nica<\/em> y \u00ab<strong>T\u00e9cnicas de Gesti\u00f3n<\/strong>\u00bb de la carrera <em>ingenier\u00eda mec\u00e1nica<\/em>, ambas pertenecientes al Departamento de Electromec\u00e1nica de la Facultad de Ingenier\u00eda de la UNSJ.<\/p>\n\n\n\n<p><strong>Debe estar registrado y haber iniciado sesi\u00f3n para poder navegar el sitio.<\/strong><\/p>\n\n\n\n<div class=\"wp-block-buttons is-layout-flex wp-block-buttons-is-layout-flex\">\n<div class=\"wp-block-button\"><a class=\"wp-block-button__link wp-element-button\" href=\"https:\/\/electromecanica.com.ar\/tdg\/iniciarsesion\">Iniciar Sesi\u00f3n<\/a><\/div>\n<\/div>\n","protected":false},"excerpt":{"rendered":"<p>Este sitio existe para comunicaci\u00f3n con los alumnos de las materias \u00abOrganizaci\u00f3n Industrial\u00bb de la carrera ingenier\u00eda electromec\u00e1nica y \u00abT\u00e9cnicas de Gesti\u00f3n\u00bb de la carrera ingenier\u00eda mec\u00e1nica, ambas pertenecientes al Departamento de Electromec\u00e1nica de la Facultad de Ingenier\u00eda de la UNSJ. Debe estar registrado y haber iniciado sesi\u00f3n para poder navegar el sitio.<\/p>\n","protected":false},"author":3,"featured_media":0,"parent":0,"menu_order":0,"comment_status":"closed","ping_status":"closed","template":"","meta":{"_bbp_topic_count":0,"_bbp_reply_count":0,"_bbp_total_topic_count":0,"_bbp_total_reply_count":0,"_bbp_voice_count":0,"_bbp_anonymous_reply_count":0,"_bbp_topic_count_hidden":0,"_bbp_reply_count_hidden":0,"_bbp_forum_subforum_count":0,"footnotes":""},"class_list":["post-10","page","type-page","status-publish","hentry"],"_links":{"self":[{"href":"https:\/\/electromecanica.com.ar\/tdg\/wp-json\/wp\/v2\/pages\/10","targetHints":{"allow":["GET"]}}],"collection":[{"href":"https:\/\/electromecanica.com.ar\/tdg\/wp-json\/wp\/v2\/pages"}],"about":[{"href":"https:\/\/electromecanica.com.ar\/tdg\/wp-json\/wp\/v2\/types\/page"}],"author":[{"embeddable":true,"href":"https:\/\/electromecanica.com.ar\/tdg\/wp-json\/wp\/v2\/users\/3"}],"replies":[{"embeddable":true,"href":"https:\/\/electromecanica.com.ar\/tdg\/wp-json\/wp\/v2\/comments?post=10"}],"version-history":[{"count":20,"href":"https:\/\/electromecanica.com.ar\/tdg\/wp-json\/wp\/v2\/pages\/10\/revisions"}],"predecessor-version":[{"id":595,"href":"https:\/\/electromecanica.com.ar\/tdg\/wp-json\/wp\/v2\/pages\/10\/revisions\/595"}],"wp:attachment":[{"href":"https:\/\/electromecanica.com.ar\/tdg\/wp-json\/wp\/v2\/media?parent=10"}],"curies":[{"name":"wp","href":"https:\/\/api.w.org\/{rel}","templated":true}]}}